{"id":684,"date":"2019-10-28T01:54:20","date_gmt":"2019-10-28T01:54:20","guid":{"rendered":"https:\/\/demosoledad.pencidesign.net\/soledad-construction-business-multipurpose\/?page_id=12"},"modified":"2022-09-14T07:14:41","modified_gmt":"2022-09-14T07:14:41","slug":"contact-us","status":"publish","type":"page","link":"https:\/\/www.elazigfuar.com\/index.php\/contact-us\/","title":{"rendered":"Contact Us"},"content":{"rendered":"\t\t<div data-elementor-type=\"wp-page\" data-elementor-id=\"684\" class=\"elementor elementor-684\">\n\t\t\t\t\t\t<section class=\"penci-section penci-disSticky penci-structure-20 elementor-section elementor-top-section elementor-element elementor-element-13316f7 elementor-section-content-middle elementor-section-boxed elementor-section-height-default elementor-section-height-default\" data-id=\"13316f7\" data-element_type=\"section\">\n\t\t\t\t\t\t<div class=\"elementor-container elementor-column-gap-wider\">\n\t\t\t\t\t<div class=\"penci-ercol-50 penci-ercol-order-1 penci-sticky-ct    elementor-column elementor-col-50 elementor-top-column elementor-element elementor-element-70abf93\" data-id=\"70abf93\" data-element_type=\"column\">\n\t\t\t<div class=\"elementor-widget-wrap elementor-element-populated\">\n\t\t\t\t\t\t<div class=\"elementor-element elementor-element-f7b9bf2 elementor-widget elementor-widget-image\" data-id=\"f7b9bf2\" data-element_type=\"widget\" data-widget_type=\"image.default\">\n\t\t\t\t\t\t\t\t\t\t\t\t\t\t\t<img fetchpriority=\"high\" decoding=\"async\" width=\"2048\" height=\"1365\" src=\"https:\/\/www.elazigfuar.com\/wp-content\/uploads\/2022\/09\/young-woman-working-office-with-laptop-headphones-white-wall-customer-service-call-center-2048x1365.jpg\" class=\"attachment-2048x2048 size-2048x2048 wp-image-794\" alt=\"\" srcset=\"https:\/\/www.elazigfuar.com\/wp-content\/uploads\/2022\/09\/young-woman-working-office-with-laptop-headphones-white-wall-customer-service-call-center-2048x1365.jpg 2048w, https:\/\/www.elazigfuar.com\/wp-content\/uploads\/2022\/09\/young-woman-working-office-with-laptop-headphones-white-wall-customer-service-call-center-300x200.jpg 300w, https:\/\/www.elazigfuar.com\/wp-content\/uploads\/2022\/09\/young-woman-working-office-with-laptop-headphones-white-wall-customer-service-call-center-1024x683.jpg 1024w, https:\/\/www.elazigfuar.com\/wp-content\/uploads\/2022\/09\/young-woman-working-office-with-laptop-headphones-white-wall-customer-service-call-center-768x512.jpg 768w, https:\/\/www.elazigfuar.com\/wp-content\/uploads\/2022\/09\/young-woman-working-office-with-laptop-headphones-white-wall-customer-service-call-center-1536x1024.jpg 1536w, https:\/\/www.elazigfuar.com\/wp-content\/uploads\/2022\/09\/young-woman-working-office-with-laptop-headphones-white-wall-customer-service-call-center-1920x1280.jpg 1920w, https:\/\/www.elazigfuar.com\/wp-content\/uploads\/2022\/09\/young-woman-working-office-with-laptop-headphones-white-wall-customer-service-call-center-1170x780.jpg 1170w, https:\/\/www.elazigfuar.com\/wp-content\/uploads\/2022\/09\/young-woman-working-office-with-laptop-headphones-white-wall-customer-service-call-center-585x390.jpg 585w, https:\/\/www.elazigfuar.com\/wp-content\/uploads\/2022\/09\/young-woman-working-office-with-laptop-headphones-white-wall-customer-service-call-center-263x175.jpg 263w\" sizes=\"(max-width: 2048px) 100vw, 2048px\" \/>\t\t\t\t\t\t\t\t\t\t\t\t\t\t\t<\/div>\n\t\t\t\t\t<\/div>\n\t\t<\/div>\n\t\t\t\t<div class=\"penci-ercol-50 penci-ercol-order-2 penci-sticky-ct    elementor-column elementor-col-50 elementor-top-column elementor-element elementor-element-d75610a\" data-id=\"d75610a\" data-element_type=\"column\">\n\t\t\t<div class=\"elementor-widget-wrap elementor-element-populated\">\n\t\t\t\t\t\t<div class=\"elementor-element elementor-element-b29f211 elementor-widget elementor-widget-image\" data-id=\"b29f211\" data-element_type=\"widget\" data-widget_type=\"image.default\">\n\t\t\t\t\t\t\t\t\t\t\t\t\t\t\t<img decoding=\"async\" width=\"848\" height=\"99\" src=\"https:\/\/www.elazigfuar.com\/wp-content\/uploads\/2022\/09\/logo-dik.png\" class=\"attachment-large size-large wp-image-450\" alt=\"\" srcset=\"https:\/\/www.elazigfuar.com\/wp-content\/uploads\/2022\/09\/logo-dik.png 848w, https:\/\/www.elazigfuar.com\/wp-content\/uploads\/2022\/09\/logo-dik-300x35.png 300w, https:\/\/www.elazigfuar.com\/wp-content\/uploads\/2022\/09\/logo-dik-768x90.png 768w, https:\/\/www.elazigfuar.com\/wp-content\/uploads\/2022\/09\/logo-dik-585x68.png 585w\" sizes=\"(max-width: 848px) 100vw, 848px\" \/>\t\t\t\t\t\t\t\t\t\t\t\t\t\t\t<\/div>\n\t\t\t\t<div class=\"elementor-element elementor-element-4b7602d elementor-widget elementor-widget-penci-fancy_heading\" data-id=\"4b7602d\" data-element_type=\"widget\" data-widget_type=\"penci-fancy_heading.default\">\n\t\t\t\t<div class=\"elementor-widget-container\">\n\t\t\t\t\t\t\t<div class=\"penci-fancy-heading penci-heading-text-left\">\r\n\t\t\t<div class=\"penci-fancy-heading-inner\">\r\n\t\t\t\t<div class=\"penci-heading-subtitle\">FUARCILIK H\u0130ZMETLER\u0130 K\u00dcLT\u00dcR VE SANAT ETK\u0130NL\u0130KLER\u0130 PAZ. SAN VE T\u0130C LTD. \u015eT\u0130.<\/div>\t\t\t<\/div>\r\n\t\t<\/div>\r\n\t\t\t\t\t\t<\/div>\n\t\t\t\t<\/div>\n\t\t\t\t<div class=\"elementor-element elementor-element-902a2e9 elementor-widget elementor-widget-penci_simple_list\" data-id=\"902a2e9\" data-element_type=\"widget\" data-widget_type=\"penci_simple_list.default\">\n\t\t\t\t<div class=\"elementor-widget-container\">\n\t\t\t\t\t        <ul class=\"penci-simplelist size-default penci-simplelist-type-icon penci-simplelist-style-default penci-justify-left penci-iconp-left\">\n\t\t\t\t\t\t\t                <li class=\"elementor-repeater-item-96784fd\">\n\t\t\t\t\t                        <span class=\"list-icon\">\n\t\t\t\t\t\t\t<svg class=\"e-font-icon-svg e-fab-ethereum\" viewBox=\"0 0 320 512\" xmlns=\"http:\/\/www.w3.org\/2000\/svg\"><path d=\"M311.9 260.8L160 353.6 8 260.8 160 0l151.9 260.8zM160 383.4L8 290.6 160 512l152-221.4-152 92.8z\"><\/path><\/svg>\t\t\t\t\t\t<\/span>\n\t\t\t\t\t\t\t\t\t\t                    <span class=\"list-content\">\n\t\t\t\t\t\tMuhsin Yaz\u0131c\u0131o\u011flu Bulvar\u0131 K\u00fclt\u00fcr Park Yan\u0131\n\t\t\t\t\t<\/span>\n\t\t\t\t\t                <\/li>\n\t\t\t        <\/ul>\n\n\t\t\t\t\t\t<\/div>\n\t\t\t\t<\/div>\n\t\t\t\t<div class=\"elementor-element elementor-element-7f93fb8 elementor-widget elementor-widget-penci_simple_list\" data-id=\"7f93fb8\" data-element_type=\"widget\" data-widget_type=\"penci_simple_list.default\">\n\t\t\t\t<div class=\"elementor-widget-container\">\n\t\t\t\t\t        <ul class=\"penci-simplelist size-default penci-simplelist-type-icon penci-simplelist-style-default penci-justify-left penci-iconp-left\">\n\t\t\t\t\t\t\t                <li class=\"elementor-repeater-item-d2a20ae\">\n\t\t\t\t\t                        <span class=\"list-icon\">\n\t\t\t\t\t\t\t<svg class=\"e-font-icon-svg e-fas-phone-alt\" viewBox=\"0 0 512 512\" xmlns=\"http:\/\/www.w3.org\/2000\/svg\"><path d=\"M497.39 361.8l-112-48a24 24 0 0 0-28 6.9l-49.6 60.6A370.66 370.66 0 0 1 130.6 204.11l60.6-49.6a23.94 23.94 0 0 0 6.9-28l-48-112A24.16 24.16 0 0 0 122.6.61l-104 24A24 24 0 0 0 0 48c0 256.5 207.9 464 464 464a24 24 0 0 0 23.4-18.6l24-104a24.29 24.29 0 0 0-14.01-27.6z\"><\/path><\/svg>\t\t\t\t\t\t<\/span>\n\t\t\t\t\t\t\t\t\t\t                    <span class=\"list-content\">\n\t\t\t\t\t\t0533 597 46 23 - 0533 597 85 23\t\t\t\t\t<\/span>\n\t\t\t\t\t                <\/li>\n\t\t\t        <\/ul>\n\n\t\t\t\t\t\t<\/div>\n\t\t\t\t<\/div>\n\t\t\t\t<div class=\"elementor-element elementor-element-71cc0b8 elementor-widget elementor-widget-penci_simple_list\" data-id=\"71cc0b8\" data-element_type=\"widget\" data-widget_type=\"penci_simple_list.default\">\n\t\t\t\t<div class=\"elementor-widget-container\">\n\t\t\t\t\t        <ul class=\"penci-simplelist size-default penci-simplelist-type-icon penci-simplelist-style-default penci-justify-left penci-iconp-left\">\n\t\t\t\t\t\t\t                <li class=\"elementor-repeater-item-e39a9bb\">\n\t\t\t\t\t                        <span class=\"list-icon\">\n\t\t\t\t\t\t\t<svg class=\"e-font-icon-svg e-fas-mail-bulk\" viewBox=\"0 0 576 512\" xmlns=\"http:\/\/www.w3.org\/2000\/svg\"><path d=\"M160 448c-25.6 0-51.2-22.4-64-32-64-44.8-83.2-60.8-96-70.4V480c0 17.67 14.33 32 32 32h256c17.67 0 32-14.33 32-32V345.6c-12.8 9.6-32 25.6-96 70.4-12.8 9.6-38.4 32-64 32zm128-192H32c-17.67 0-32 14.33-32 32v16c25.6 19.2 22.4 19.2 115.2 86.4 9.6 6.4 28.8 25.6 44.8 25.6s35.2-19.2 44.8-22.4c92.8-67.2 89.6-67.2 115.2-86.4V288c0-17.67-14.33-32-32-32zm256-96H224c-17.67 0-32 14.33-32 32v32h96c33.21 0 60.59 25.42 63.71 57.82l.29-.22V416h192c17.67 0 32-14.33 32-32V192c0-17.67-14.33-32-32-32zm-32 128h-64v-64h64v64zm-352-96c0-35.29 28.71-64 64-64h224V32c0-17.67-14.33-32-32-32H96C78.33 0 64 14.33 64 32v192h96v-32z\"><\/path><\/svg>\t\t\t\t\t\t<\/span>\n\t\t\t\t\t\t\t\t\t\t                    <span class=\"list-content\">\n\t\t\t\t\t\tinfo@elazigfuar.com\t\t\t\t\t<\/span>\n\t\t\t\t\t                <\/li>\n\t\t\t        <\/ul>\n\n\t\t\t\t\t\t<\/div>\n\t\t\t\t<\/div>\n\t\t\t\t\t<\/div>\n\t\t<\/div>\n\t\t\t\t\t<\/div>\n\t\t<\/section>\n\t\t\t\t<section class=\"penci-section penci-dmcheck penci-elbg-activate penci-disSticky penci-structure-20 elementor-section elementor-top-section elementor-element elementor-element-ae80c73 elementor-section-content-middle elementor-section-full_width elementor-section-height-default elementor-section-height-default\" data-id=\"ae80c73\" data-element_type=\"section\" data-settings=\"{&quot;background_background&quot;:&quot;classic&quot;}\">\n\t\t\t\t\t\t\t<div class=\"elementor-background-overlay\"><\/div>\n\t\t\t\t\t\t\t<div class=\"elementor-container elementor-column-gap-extended\">\n\t\t\t\t\t<div class=\"penci-ercol-50 penci-ercol-order-1 penci-sticky-ct  penci-dmcheck penci-elbg-activate penci-elbg-img elementor-column elementor-col-50 elementor-top-column elementor-element elementor-element-a87bdc3\" data-id=\"a87bdc3\" data-element_type=\"column\" data-settings=\"{&quot;background_background&quot;:&quot;classic&quot;}\">\n\t\t\t<div class=\"elementor-widget-wrap\">\n\t\t\t\t\t<div class=\"elementor-background-overlay\"><\/div>\n\t\t\t\t\t\t\t<\/div>\n\t\t<\/div>\n\t\t\t\t<div class=\"penci-ercol-50 penci-ercol-order-2 penci-sticky-ct    elementor-column elementor-col-50 elementor-top-column elementor-element elementor-element-48ee2fc\" data-id=\"48ee2fc\" data-element_type=\"column\">\n\t\t\t<div class=\"elementor-widget-wrap elementor-element-populated\">\n\t\t\t\t\t\t<div class=\"elementor-element elementor-element-8358db9 elementor-widget elementor-widget-penci-map\" data-id=\"8358db9\" data-element_type=\"widget\" data-widget_type=\"penci-map.default\">\n\t\t\t\t<div class=\"elementor-widget-container\">\n\t\t\t\t\t<iframe style=\"width:100%;height:500px\" id=\"penci_map_41779\" class=\"penci-block-vc penci-lazy no-api\" data-src=\"https:\/\/maps.google.com\/maps?q=38.672334%2C39.206470&#038;t=m&#038;z=16&#038;output=embed&#038;iwloc=near&#038;maptype=road\"><\/iframe>\t\t\t\t<\/div>\n\t\t\t\t<\/div>\n\t\t\t\t\t<\/div>\n\t\t<\/div>\n\t\t\t\t\t<\/div>\n\t\t<\/section>\n\t\t\t\t<\/div>\n\t\t","protected":false},"excerpt":{"rendered":"<p>FUARCILIK H\u0130ZMETLER\u0130 K\u00dcLT\u00dcR VE SANAT ETK\u0130NL\u0130KLER\u0130 PAZ. SAN VE T\u0130C LTD. \u015eT\u0130. Muhsin Yaz\u0131c\u0131o\u011flu Bulvar\u0131 K\u00fclt\u00fcr Park Yan\u0131 0533 597 46 23 &#8211; 0533 597 85 23 info@elazigfuar.com<\/p>\n","protected":false},"author":1,"featured_media":0,"parent":0,"menu_order":0,"comment_status":"closed","ping_status":"closed","template":"page-fullwidth.php","meta":{"content-type":"","footnotes":""},"class_list":["post-684","page","type-page","status-publish","hentry"],"_links":{"self":[{"href":"https:\/\/www.elazigfuar.com\/index.php\/wp-json\/wp\/v2\/pages\/684","targetHints":{"allow":["GET"]}}],"collection":[{"href":"https:\/\/www.elazigfuar.com\/index.php\/wp-json\/wp\/v2\/pages"}],"about":[{"href":"https:\/\/www.elazigfuar.com\/index.php\/wp-json\/wp\/v2\/types\/page"}],"author":[{"embeddable":true,"href":"https:\/\/www.elazigfuar.com\/index.php\/wp-json\/wp\/v2\/users\/1"}],"replies":[{"embeddable":true,"href":"https:\/\/www.elazigfuar.com\/index.php\/wp-json\/wp\/v2\/comments?post=684"}],"version-history":[{"count":49,"href":"https:\/\/www.elazigfuar.com\/index.php\/wp-json\/wp\/v2\/pages\/684\/revisions"}],"predecessor-version":[{"id":1009,"href":"https:\/\/www.elazigfuar.com\/index.php\/wp-json\/wp\/v2\/pages\/684\/revisions\/1009"}],"wp:attachment":[{"href":"https:\/\/www.elazigfuar.com\/index.php\/wp-json\/wp\/v2\/media?parent=684"}],"curies":[{"name":"wp","href":"https:\/\/api.w.org\/{rel}","templated":true}]}}