{"id":677,"date":"2019-10-28T01:52:08","date_gmt":"2019-10-28T01:52:08","guid":{"rendered":"https:\/\/demosoledad.pencidesign.net\/soledad-construction-business-multipurpose\/?page_id=10"},"modified":"2022-09-15T11:33:15","modified_gmt":"2022-09-15T11:33:15","slug":"5-2","status":"publish","type":"page","link":"https:\/\/www.elazigfuar.com\/index.php\/5-2\/","title":{"rendered":"Hakimizda"},"content":{"rendered":"\t\t<div data-elementor-type=\"wp-page\" data-elementor-id=\"677\" class=\"elementor elementor-677\">\n\t\t\t\t\t\t<section class=\"penci-section penci-disSticky penci-structure-20 elementor-section elementor-top-section elementor-element elementor-element-9900e89 elementor-section-content-middle elementor-section-boxed elementor-section-height-default elementor-section-height-default\" data-id=\"9900e89\" data-element_type=\"section\">\n\t\t\t\t\t\t<div class=\"elementor-container elementor-column-gap-no\">\n\t\t\t\t\t<div class=\"penci-ercol-50 penci-ercol-order-1 penci-sticky-ct    elementor-column elementor-col-50 elementor-top-column elementor-element elementor-element-c7f3b0c\" data-id=\"c7f3b0c\" data-element_type=\"column\">\n\t\t\t<div class=\"elementor-widget-wrap elementor-element-populated\">\n\t\t\t\t\t\t<div class=\"elementor-element elementor-element-aa4e9d4 elementor-widget elementor-widget-image\" data-id=\"aa4e9d4\" data-element_type=\"widget\" data-widget_type=\"image.default\">\n\t\t\t\t\t\t\t\t\t\t\t\t\t\t\t<img fetchpriority=\"high\" decoding=\"async\" width=\"1536\" height=\"1025\" src=\"https:\/\/www.elazigfuar.com\/wp-content\/uploads\/2022\/09\/handshake-business-men-concept-1536x1025.jpg\" class=\"attachment-1536x1536 size-1536x1536 wp-image-915\" alt=\"\" srcset=\"https:\/\/www.elazigfuar.com\/wp-content\/uploads\/2022\/09\/handshake-business-men-concept-1536x1025.jpg 1536w, https:\/\/www.elazigfuar.com\/wp-content\/uploads\/2022\/09\/handshake-business-men-concept-300x200.jpg 300w, https:\/\/www.elazigfuar.com\/wp-content\/uploads\/2022\/09\/handshake-business-men-concept-1024x683.jpg 1024w, https:\/\/www.elazigfuar.com\/wp-content\/uploads\/2022\/09\/handshake-business-men-concept-768x513.jpg 768w, https:\/\/www.elazigfuar.com\/wp-content\/uploads\/2022\/09\/handshake-business-men-concept-2048x1367.jpg 2048w, https:\/\/www.elazigfuar.com\/wp-content\/uploads\/2022\/09\/handshake-business-men-concept-1920x1281.jpg 1920w, https:\/\/www.elazigfuar.com\/wp-content\/uploads\/2022\/09\/handshake-business-men-concept-1170x781.jpg 1170w, https:\/\/www.elazigfuar.com\/wp-content\/uploads\/2022\/09\/handshake-business-men-concept-585x390.jpg 585w, https:\/\/www.elazigfuar.com\/wp-content\/uploads\/2022\/09\/handshake-business-men-concept-263x175.jpg 263w\" sizes=\"(max-width: 1536px) 100vw, 1536px\" \/>\t\t\t\t\t\t\t\t\t\t\t\t\t\t\t<\/div>\n\t\t\t\t\t<\/div>\n\t\t<\/div>\n\t\t\t\t<div class=\"penci-ercol-50 penci-ercol-order-2 penci-sticky-ct  penci-dmcheck penci-elbg-activate  elementor-column elementor-col-50 elementor-top-column elementor-element elementor-element-374d4f8\" data-id=\"374d4f8\" data-element_type=\"column\" data-settings=\"{&quot;background_background&quot;:&quot;classic&quot;}\">\n\t\t\t<div class=\"elementor-widget-wrap elementor-element-populated\">\n\t\t\t\t\t\t<div class=\"elementor-element elementor-element-bca43b4 elementor-widget elementor-widget-penci-fancy_heading\" data-id=\"bca43b4\" data-element_type=\"widget\" data-widget_type=\"penci-fancy_heading.default\">\n\t\t\t\t<div class=\"elementor-widget-container\">\n\t\t\t\t\t\t\t<div class=\"penci-fancy-heading penci-heading-text-left\">\r\n\t\t\t<div class=\"penci-fancy-heading-inner\">\r\n\t\t\t\t<div class=\"penci-heading-title\"><span class=\"inner-tit\">Misyonumuz<\/span><\/div><div class=\"penci-heading-content entry-content\"><p>Misyonumuz; T\u00fcrkiye\u2019deki pazar pay\u0131m\u0131z\u0131 s\u00fcrekli artt\u0131r\u0131rken, yerli \/ yabanc\u0131 m\u00fc\u015fteri oran\u0131m\u0131z\u0131 birbirine yakla\u015ft\u0131rarak, \u00f6l\u00e7\u00fcmlenmi\u015f m\u00fc\u015fteri memnuniyetini her y\u0131l y\u00fckselterek sekt\u00f6r\u00fcn \u00f6n\u00fcn\u00fc a\u00e7an, y\u00f6n veren, geli\u015ftiren, yan unsurlarla ve teknoloji ile desteklenmi\u015f organizasyonlar d\u00fczenlemek.<\/p>\n<\/div>\t\t\t<\/div>\r\n\t\t<\/div>\r\n\t\t\t\t\t\t<\/div>\n\t\t\t\t<\/div>\n\t\t\t\t<div class=\"elementor-element elementor-element-1828901 elementor-align-left elementor-widget elementor-widget-button\" data-id=\"1828901\" data-element_type=\"widget\" data-widget_type=\"button.default\">\n\t\t\t\t\t\t\t\t\t\t<a class=\"elementor-button elementor-button-link elementor-size-lg\" href=\"https:\/\/www.elazig.bel.tr\/\">\n\t\t\t\t\t\t<span class=\"elementor-button-content-wrapper\">\n\t\t\t\t\t\t\t\t\t<span class=\"elementor-button-text\">Elaz\u0131\u011f Belediyesi<\/span>\n\t\t\t\t\t<\/span>\n\t\t\t\t\t<\/a>\n\t\t\t\t\t\t\t\t<\/div>\n\t\t\t\t\t<\/div>\n\t\t<\/div>\n\t\t\t\t\t<\/div>\n\t\t<\/section>\n\t\t\t\t<section class=\"penci-section penci-disSticky penci-structure-30 elementor-section elementor-top-section elementor-element elementor-element-1bb72eb elementor-section-content-middle elementor-section-boxed elementor-section-height-default elementor-section-height-default\" data-id=\"1bb72eb\" data-element_type=\"section\">\n\t\t\t\t\t\t<div class=\"elementor-container elementor-column-gap-no\">\n\t\t\t\t\t<div class=\"penci-ercol-33 penci-ercol-order-1 penci-sticky-sb penci-sidebarSC penci-dmcheck penci-elbg-activate  elementor-column elementor-col-33 elementor-top-column elementor-element elementor-element-d57de50\" data-id=\"d57de50\" data-element_type=\"column\" data-settings=\"{&quot;background_background&quot;:&quot;classic&quot;}\">\n\t\t\t<div class=\"elementor-widget-wrap elementor-element-populated\">\n\t\t\t\t\t\t<div class=\"elementor-element elementor-element-56361e1 elementor-widget elementor-widget-penci-fancy_heading\" data-id=\"56361e1\" data-element_type=\"widget\" data-widget_type=\"penci-fancy_heading.default\">\n\t\t\t\t<div class=\"elementor-widget-container\">\n\t\t\t\t\t\t\t<div class=\"penci-fancy-heading penci-heading-text-left\">\r\n\t\t\t<div class=\"penci-fancy-heading-inner\">\r\n\t\t\t\t<div class=\"penci-heading-title\"><span class=\"inner-tit\">Vizyonumuz<\/span><\/div><div class=\"penci-heading-content entry-content\"><p>Vizyonumuz; Ulusal fuarc\u0131l\u0131k sekt\u00f6r\u00fcnde ger\u00e7ekle\u015ftirdi\u011fimiz organizasyonlarla, m\u00fc\u015fteri ihtiya\u00e7lar\u0131n\u0131 birincil s\u0131raya yerle\u015ftirip, onlara en kaliteli hizmeti sunan \u00f6nc\u00fc \u015firket olmak.<\/p>\n<\/div>\t\t\t<\/div>\r\n\t\t<\/div>\r\n\t\t\t\t\t\t<\/div>\n\t\t\t\t<\/div>\n\t\t\t\t\t<\/div>\n\t\t<\/div>\n\t\t\t\t<div class=\"penci-ercol-33 penci-ercol-order-2 penci-sticky-sb penci-sidebarSC   elementor-column elementor-col-33 elementor-top-column elementor-element elementor-element-a473257\" data-id=\"a473257\" data-element_type=\"column\">\n\t\t\t<div class=\"elementor-widget-wrap elementor-element-populated\">\n\t\t\t\t\t\t<div class=\"elementor-element elementor-element-f874dc8 elementor-widget elementor-widget-image\" data-id=\"f874dc8\" data-element_type=\"widget\" data-widget_type=\"image.default\">\n\t\t\t\t\t\t\t\t\t\t\t\t\t\t\t<img decoding=\"async\" width=\"2048\" height=\"1365\" src=\"https:\/\/www.elazigfuar.com\/wp-content\/uploads\/2022\/09\/workers-considering-term-agreement-2048x1365.jpg\" class=\"attachment-2048x2048 size-2048x2048 wp-image-916\" alt=\"\" srcset=\"https:\/\/www.elazigfuar.com\/wp-content\/uploads\/2022\/09\/workers-considering-term-agreement-2048x1365.jpg 2048w, https:\/\/www.elazigfuar.com\/wp-content\/uploads\/2022\/09\/workers-considering-term-agreement-300x200.jpg 300w, https:\/\/www.elazigfuar.com\/wp-content\/uploads\/2022\/09\/workers-considering-term-agreement-1024x683.jpg 1024w, https:\/\/www.elazigfuar.com\/wp-content\/uploads\/2022\/09\/workers-considering-term-agreement-768x512.jpg 768w, https:\/\/www.elazigfuar.com\/wp-content\/uploads\/2022\/09\/workers-considering-term-agreement-1536x1024.jpg 1536w, https:\/\/www.elazigfuar.com\/wp-content\/uploads\/2022\/09\/workers-considering-term-agreement-1920x1280.jpg 1920w, https:\/\/www.elazigfuar.com\/wp-content\/uploads\/2022\/09\/workers-considering-term-agreement-1170x780.jpg 1170w, https:\/\/www.elazigfuar.com\/wp-content\/uploads\/2022\/09\/workers-considering-term-agreement-585x390.jpg 585w, https:\/\/www.elazigfuar.com\/wp-content\/uploads\/2022\/09\/workers-considering-term-agreement-263x175.jpg 263w\" sizes=\"(max-width: 2048px) 100vw, 2048px\" \/>\t\t\t\t\t\t\t\t\t\t\t\t\t\t\t<\/div>\n\t\t\t\t\t<\/div>\n\t\t<\/div>\n\t\t\t\t<div class=\"penci-ercol-33 penci-ercol-order-3 penci-sticky-sb penci-sidebarSC penci-dmcheck penci-elbg-activate  elementor-column elementor-col-33 elementor-top-column elementor-element elementor-element-4cb9dd9\" data-id=\"4cb9dd9\" data-element_type=\"column\" data-settings=\"{&quot;background_background&quot;:&quot;classic&quot;}\">\n\t\t\t<div class=\"elementor-widget-wrap\">\n\t\t\t\t\t\t\t<\/div>\n\t\t<\/div>\n\t\t\t\t\t<\/div>\n\t\t<\/section>\n\t\t\t\t<section class=\"penci-section penci-dmcheck penci-elbg-activate penci-disSticky penci-structure-10 elementor-section elementor-top-section elementor-element elementor-element-e5314c7 elementor-section-content-middle elementor-section-full_width elementor-section-height-default elementor-section-height-default\" data-id=\"e5314c7\" data-element_type=\"section\" data-settings=\"{&quot;background_background&quot;:&quot;classic&quot;}\">\n\t\t\t\t\t\t\t<div class=\"elementor-background-overlay\"><\/div>\n\t\t\t\t\t\t\t<div class=\"elementor-container elementor-column-gap-extended\">\n\t\t\t\t\t<div class=\"penci-ercol-100 penci-ercol-order-1 penci-sticky-ct  penci-dmcheck penci-elbg-activate penci-elbg-img elementor-column elementor-col-100 elementor-top-column elementor-element elementor-element-3108792\" data-id=\"3108792\" data-element_type=\"column\" data-settings=\"{&quot;background_background&quot;:&quot;classic&quot;}\">\n\t\t\t<div class=\"elementor-widget-wrap elementor-element-populated\">\n\t\t\t\t\t<div class=\"elementor-background-overlay\"><\/div>\n\t\t\t\t\t\t<div class=\"elementor-element elementor-element-cd7b383 elementor-view-default elementor-widget elementor-widget-icon\" data-id=\"cd7b383\" data-element_type=\"widget\" data-widget_type=\"icon.default\">\n\t\t\t\t\t\t\t<div class=\"elementor-icon-wrapper\">\n\t\t\t<div class=\"elementor-icon\">\n\t\t\t<svg aria-hidden=\"true\" class=\"e-font-icon-svg e-fas-running\" viewBox=\"0 0 416 512\" xmlns=\"http:\/\/www.w3.org\/2000\/svg\"><path d=\"M272 96c26.51 0 48-21.49 48-48S298.51 0 272 0s-48 21.49-48 48 21.49 48 48 48zM113.69 317.47l-14.8 34.52H32c-17.67 0-32 14.33-32 32s14.33 32 32 32h77.45c19.25 0 36.58-11.44 44.11-29.09l8.79-20.52-10.67-6.3c-17.32-10.23-30.06-25.37-37.99-42.61zM384 223.99h-44.03l-26.06-53.25c-12.5-25.55-35.45-44.23-61.78-50.94l-71.08-21.14c-28.3-6.8-57.77-.55-80.84 17.14l-39.67 30.41c-14.03 10.75-16.69 30.83-5.92 44.86s30.84 16.66 44.86 5.92l39.69-30.41c7.67-5.89 17.44-8 25.27-6.14l14.7 4.37-37.46 87.39c-12.62 29.48-1.31 64.01 26.3 80.31l84.98 50.17-27.47 87.73c-5.28 16.86 4.11 34.81 20.97 40.09 3.19 1 6.41 1.48 9.58 1.48 13.61 0 26.23-8.77 30.52-22.45l31.64-101.06c5.91-20.77-2.89-43.08-21.64-54.39l-61.24-36.14 31.31-78.28 20.27 41.43c8 16.34 24.92 26.89 43.11 26.89H384c17.67 0 32-14.33 32-32s-14.33-31.99-32-31.99z\"><\/path><\/svg>\t\t\t<\/div>\n\t\t<\/div>\n\t\t\t\t\t\t<\/div>\n\t\t\t\t<div class=\"elementor-element elementor-element-388cbd8 elementor-widget elementor-widget-penci-fancy_heading\" data-id=\"388cbd8\" data-element_type=\"widget\" data-widget_type=\"penci-fancy_heading.default\">\n\t\t\t\t<div class=\"elementor-widget-container\">\n\t\t\t\t\t\t\t<div class=\"penci-fancy-heading penci-heading-text-center\">\r\n\t\t\t<div class=\"penci-fancy-heading-inner\">\r\n\t\t\t\t<p class=\"penci-heading-title\"><span class=\"inner-tit\">Elaz\u0131\u011f Merkeze 800m \u00dcniversite 200m ve Valilik 200m K\u00fclt\u00fcrpark Yan\u0131 Merkezi b\u00f6lgedeyiz.<\/span><\/p><div class=\"penci-separator penci-separator- penci-separator-center\"><span class=\"penci-sep_holder penci-sep_holder_l\"><span class=\"penci-sep_line\"><\/span><\/span><span class=\"penci-sep_holder penci-sep_holder_r\"><span class=\"penci-sep_line\"><\/span><\/span><\/div><div class=\"penci-heading-content entry-content\"><p>Y\u00fcr\u00fcyerek \u015fehir merkezinden ula\u015f\u0131m \u00e7ok kolay sa\u011flanmaktad\u0131r.<\/p>\n<\/div>\t\t\t<\/div>\r\n\t\t<\/div>\r\n\t\t\t\t\t\t<\/div>\n\t\t\t\t<\/div>\n\t\t\t\t\t<\/div>\n\t\t<\/div>\n\t\t\t\t\t<\/div>\n\t\t<\/section>\n\t\t\t\t<\/div>\n\t\t","protected":false},"excerpt":{"rendered":"<p>Misyonumuz Misyonumuz; T\u00fcrkiye\u2019deki pazar pay\u0131m\u0131z\u0131 s\u00fcrekli artt\u0131r\u0131rken, yerli \/ yabanc\u0131 m\u00fc\u015fteri oran\u0131m\u0131z\u0131 birbirine yakla\u015ft\u0131rarak, \u00f6l\u00e7\u00fcmlenmi\u015f m\u00fc\u015fteri memnuniyetini her y\u0131l y\u00fckselterek sekt\u00f6r\u00fcn \u00f6n\u00fcn\u00fc a\u00e7an, y\u00f6n veren, geli\u015ftiren, yan unsurlarla ve teknoloji&hellip;<\/p>\n","protected":false},"author":1,"featured_media":0,"parent":0,"menu_order":0,"comment_status":"closed","ping_status":"closed","template":"page-fullwidth.php","meta":{"content-type":"","footnotes":""},"class_list":["post-677","page","type-page","status-publish","hentry"],"_links":{"self":[{"href":"https:\/\/www.elazigfuar.com\/index.php\/wp-json\/wp\/v2\/pages\/677","targetHints":{"allow":["GET"]}}],"collection":[{"href":"https:\/\/www.elazigfuar.com\/index.php\/wp-json\/wp\/v2\/pages"}],"about":[{"href":"https:\/\/www.elazigfuar.com\/index.php\/wp-json\/wp\/v2\/types\/page"}],"author":[{"embeddable":true,"href":"https:\/\/www.elazigfuar.com\/index.php\/wp-json\/wp\/v2\/users\/1"}],"replies":[{"embeddable":true,"href":"https:\/\/www.elazigfuar.com\/index.php\/wp-json\/wp\/v2\/comments?post=677"}],"version-history":[{"count":35,"href":"https:\/\/www.elazigfuar.com\/index.php\/wp-json\/wp\/v2\/pages\/677\/revisions"}],"predecessor-version":[{"id":1122,"href":"https:\/\/www.elazigfuar.com\/index.php\/wp-json\/wp\/v2\/pages\/677\/revisions\/1122"}],"wp:attachment":[{"href":"https:\/\/www.elazigfuar.com\/index.php\/wp-json\/wp\/v2\/media?parent=677"}],"curies":[{"name":"wp","href":"https:\/\/api.w.org\/{rel}","templated":true}]}}