{"id":589,"date":"2022-09-09T07:31:31","date_gmt":"2022-09-09T07:31:31","guid":{"rendered":"https:\/\/www.elazigfuar.com\/index.php\/etkinlik\/"},"modified":"2023-01-20T11:29:11","modified_gmt":"2023-01-20T11:29:11","slug":"etkinlik","status":"publish","type":"page","link":"https:\/\/www.elazigfuar.com\/index.php\/etkinlik\/","title":{"rendered":"Etkinlik"},"content":{"rendered":"\t\t<div data-elementor-type=\"wp-page\" data-elementor-id=\"589\" class=\"elementor elementor-589\">\n\t\t\t\t\t\t<section class=\"penci-section penci-disSticky penci-structure-20 elementor-section elementor-top-section elementor-element elementor-element-575da9b elementor-section-boxed elementor-section-height-default elementor-section-height-default\" data-id=\"575da9b\" data-element_type=\"section\">\n\t\t\t\t\t\t<div class=\"elementor-container elementor-column-gap-default\">\n\t\t\t\t\t<div class=\"penci-ercol-50 penci-ercol-order-1 penci-sticky-ct    elementor-column elementor-col-50 elementor-top-column elementor-element elementor-element-221b60a\" data-id=\"221b60a\" data-element_type=\"column\">\n\t\t\t<div class=\"elementor-widget-wrap elementor-element-populated\">\n\t\t\t\t\t\t<div class=\"elementor-element elementor-element-9f0a850 elementor-widget elementor-widget-penci-text-block\" data-id=\"9f0a850\" data-element_type=\"widget\" data-widget_type=\"penci-text-block.default\">\n\t\t\t\t<div class=\"elementor-widget-container\">\n\t\t\t\t\t\t\t<div class=\"penci-block-vc penci-text-editor\">\r\n\t\t\t        <div class=\"penci-border-arrow penci-homepage-title penci-home-latest-posts style-12 pcalign-left pciconp-right pcicon-right block-title-icon-left\">\r\n            <h3 class=\"inner-arrow\">\r\n                <span>\r\n                    <span>2022<\/a>                <\/span>\r\n            <\/h3>\r\n\t\t\t        <\/div>\r\n\t\t\t\t\t<div class=\"penci-block_content\">\r\n\t\t\t\t<div class=\"elementor-text-editor elementor-clearfix\"><ul><li>Gelecek Fuar Etkinli\u011fimiz<\/li><\/ul><\/div>\r\n\t\t\t<\/div>\r\n\t\t<\/div>\r\n\t\t\t\t\t\t<\/div>\n\t\t\t\t<\/div>\n\t\t\t\t\t<\/div>\n\t\t<\/div>\n\t\t\t\t<div class=\"penci-ercol-50 penci-ercol-order-2 penci-sticky-ct    elementor-column elementor-col-50 elementor-top-column elementor-element elementor-element-054bea9\" data-id=\"054bea9\" data-element_type=\"column\">\n\t\t\t<div class=\"elementor-widget-wrap elementor-element-populated\">\n\t\t\t\t\t\t<div class=\"elementor-element elementor-element-e315e39 elementor-invisible elementor-widget elementor-widget-penci-info-box\" data-id=\"e315e39\" data-element_type=\"widget\" data-settings=\"{&quot;_animation&quot;:&quot;bounceIn&quot;}\" data-widget_type=\"penci-info-box.default\">\n\t\t\t\t<div class=\"elementor-widget-container\">\n\t\t\t\t\t\t\t<div id=\"penci_info_box_84207\" class=\"penci-block-vc penci-info-box penci-ibox-float-left penci-view-default penci-shape-circle\">\r\n\t\t\t<div class=\"penci-ibox-inner\">\r\n\t\t\t\t\t\t\t\t<div class=\"penci-ibox-icon penci-ibox-icon--image\"><span class=\"penci-ibox-icon-fa\"><img decoding=\"async\" class=\"penci-ibox-img_active\" src=\"https:\/\/www.elazigfuar.com\/wp-content\/uploads\/2022\/09\/1-150x150.png\" width=\"150\" height=\"150\"><img decoding=\"async\" class=\"penci-ibox-img_hover\" src=\"\" width=\"\" height=\"\"><\/span><\/div>\t\t\t\t<div class=\"penci-ibox-content-wrap\">\r\n\t\t\t\t\t\t\t\t\t\t<h3 class=\"penci-ibox-title\">3. Elaz\u0131\u011f Kitap Fuar\u0131 08-16  2022 Ekim<\/h3>\t\t\t\t\t\t\t\t\t\t<div class=\"penci-ibox-content\"><ul><span style=\"vertical-align: inherit;\"><span style=\"vertical-align: inherit;\"><span style=\"vertical-align: inherit;\"><span style=\"vertical-align: inherit;\"><span style=\"vertical-align: inherit;\"><span style=\"vertical-align: inherit;\"><span style=\"vertical-align: inherit;\"><span style=\"vertical-align: inherit;\"><span style=\"vertical-align: inherit;\"><span style=\"vertical-align: inherit;\"><span style=\"vertical-align: inherit;\"><span style=\"vertical-align: inherit;\"><span style=\"vertical-align: inherit;\"><span style=\"vertical-align: inherit;\">Sizde Yerinizi Al\u0131n<\/span><\/span><\/span><\/span><\/span><\/span><\/span><\/span><\/span><\/span><\/span><\/span><\/span><\/span><\/h3>\n<\/div>\t\t\t\t\t\t\t\t\t<\/div>\r\n\t\t\t<\/div>\r\n\t\t<\/div>\r\n\t\t\t\t\t\t<\/div>\n\t\t\t\t<\/div>\n\t\t\t\t\t<\/div>\n\t\t<\/div>\n\t\t\t\t\t<\/div>\n\t\t<\/section>\n\t\t\t\t<section class=\"penci-section penci-disSticky penci-structure-40 elementor-section elementor-top-section elementor-element elementor-element-281b6b9 elementor-section-boxed elementor-section-height-default elementor-section-height-default\" data-id=\"281b6b9\" data-element_type=\"section\">\n\t\t\t\t\t\t<div class=\"elementor-container elementor-column-gap-default\">\n\t\t\t\t\t<div class=\"penci-ercol-25 penci-ercol-order-1 penci-sticky-sb penci-sidebarSC   elementor-column elementor-col-25 elementor-top-column elementor-element elementor-element-971b7d0\" data-id=\"971b7d0\" data-element_type=\"column\">\n\t\t\t<div class=\"elementor-widget-wrap elementor-element-populated\">\n\t\t\t\t\t\t<div class=\"elementor-element elementor-element-e04974d elementor-widget elementor-widget-image\" data-id=\"e04974d\" data-element_type=\"widget\" data-widget_type=\"image.default\">\n\t\t\t\t\t\t\t\t\t\t\t\t\t\t\t<img fetchpriority=\"high\" decoding=\"async\" width=\"1024\" height=\"1024\" src=\"https:\/\/www.elazigfuar.com\/wp-content\/uploads\/2022\/09\/IMG-20220902-WA0007-1024x1024.jpg\" class=\"attachment-large size-large wp-image-830\" alt=\"\" srcset=\"https:\/\/www.elazigfuar.com\/wp-content\/uploads\/2022\/09\/IMG-20220902-WA0007-1024x1024.jpg 1024w, https:\/\/www.elazigfuar.com\/wp-content\/uploads\/2022\/09\/IMG-20220902-WA0007-300x300.jpg 300w, https:\/\/www.elazigfuar.com\/wp-content\/uploads\/2022\/09\/IMG-20220902-WA0007-150x150.jpg 150w, https:\/\/www.elazigfuar.com\/wp-content\/uploads\/2022\/09\/IMG-20220902-WA0007-768x767.jpg 768w, https:\/\/www.elazigfuar.com\/wp-content\/uploads\/2022\/09\/IMG-20220902-WA0007-1170x1169.jpg 1170w, https:\/\/www.elazigfuar.com\/wp-content\/uploads\/2022\/09\/IMG-20220902-WA0007-585x585.jpg 585w, https:\/\/www.elazigfuar.com\/wp-content\/uploads\/2022\/09\/IMG-20220902-WA0007.jpg 1374w\" sizes=\"(max-width: 1024px) 100vw, 1024px\" \/>\t\t\t\t\t\t\t\t\t\t\t\t\t\t\t<\/div>\n\t\t\t\t\t<\/div>\n\t\t<\/div>\n\t\t\t\t<div class=\"penci-ercol-25 penci-ercol-order-2 penci-sticky-sb penci-sidebarSC   elementor-column elementor-col-25 elementor-top-column elementor-element elementor-element-8c2ea87\" data-id=\"8c2ea87\" data-element_type=\"column\">\n\t\t\t<div class=\"elementor-widget-wrap elementor-element-populated\">\n\t\t\t\t\t\t<div class=\"elementor-element elementor-element-2c3b448 elementor-widget elementor-widget-image\" data-id=\"2c3b448\" data-element_type=\"widget\" data-widget_type=\"image.default\">\n\t\t\t\t\t\t\t\t\t\t\t\t\t\t\t<img decoding=\"async\" width=\"1024\" height=\"1024\" src=\"https:\/\/www.elazigfuar.com\/wp-content\/uploads\/2022\/09\/IMG-20220902-WA0008-1024x1024.jpg\" class=\"attachment-large size-large wp-image-831\" alt=\"\" srcset=\"https:\/\/www.elazigfuar.com\/wp-content\/uploads\/2022\/09\/IMG-20220902-WA0008-1024x1024.jpg 1024w, https:\/\/www.elazigfuar.com\/wp-content\/uploads\/2022\/09\/IMG-20220902-WA0008-300x300.jpg 300w, https:\/\/www.elazigfuar.com\/wp-content\/uploads\/2022\/09\/IMG-20220902-WA0008-150x150.jpg 150w, https:\/\/www.elazigfuar.com\/wp-content\/uploads\/2022\/09\/IMG-20220902-WA0008-768x768.jpg 768w, https:\/\/www.elazigfuar.com\/wp-content\/uploads\/2022\/09\/IMG-20220902-WA0008-1170x1170.jpg 1170w, https:\/\/www.elazigfuar.com\/wp-content\/uploads\/2022\/09\/IMG-20220902-WA0008-585x585.jpg 585w, https:\/\/www.elazigfuar.com\/wp-content\/uploads\/2022\/09\/IMG-20220902-WA0008.jpg 1374w\" sizes=\"(max-width: 1024px) 100vw, 1024px\" \/>\t\t\t\t\t\t\t\t\t\t\t\t\t\t\t<\/div>\n\t\t\t\t\t<\/div>\n\t\t<\/div>\n\t\t\t\t<div class=\"penci-ercol-25 penci-ercol-order-3 penci-sticky-sb penci-sidebarSC   elementor-column elementor-col-25 elementor-top-column elementor-element elementor-element-34fb716\" data-id=\"34fb716\" data-element_type=\"column\">\n\t\t\t<div class=\"elementor-widget-wrap elementor-element-populated\">\n\t\t\t\t\t\t<div class=\"elementor-element elementor-element-3dd0d8b elementor-widget elementor-widget-image\" data-id=\"3dd0d8b\" data-element_type=\"widget\" data-widget_type=\"image.default\">\n\t\t\t\t\t\t\t\t\t\t\t\t\t\t\t<img loading=\"lazy\" decoding=\"async\" width=\"1024\" height=\"1024\" src=\"https:\/\/www.elazigfuar.com\/wp-content\/uploads\/2022\/09\/IMG-20220902-WA0009-1024x1024.jpg\" class=\"attachment-large size-large wp-image-832\" alt=\"\" srcset=\"https:\/\/www.elazigfuar.com\/wp-content\/uploads\/2022\/09\/IMG-20220902-WA0009-1024x1024.jpg 1024w, https:\/\/www.elazigfuar.com\/wp-content\/uploads\/2022\/09\/IMG-20220902-WA0009-300x300.jpg 300w, https:\/\/www.elazigfuar.com\/wp-content\/uploads\/2022\/09\/IMG-20220902-WA0009-150x150.jpg 150w, https:\/\/www.elazigfuar.com\/wp-content\/uploads\/2022\/09\/IMG-20220902-WA0009-768x768.jpg 768w, https:\/\/www.elazigfuar.com\/wp-content\/uploads\/2022\/09\/IMG-20220902-WA0009-1170x1170.jpg 1170w, https:\/\/www.elazigfuar.com\/wp-content\/uploads\/2022\/09\/IMG-20220902-WA0009-585x585.jpg 585w, https:\/\/www.elazigfuar.com\/wp-content\/uploads\/2022\/09\/IMG-20220902-WA0009.jpg 1371w\" sizes=\"(max-width: 1024px) 100vw, 1024px\" \/>\t\t\t\t\t\t\t\t\t\t\t\t\t\t\t<\/div>\n\t\t\t\t\t<\/div>\n\t\t<\/div>\n\t\t\t\t<div class=\"penci-ercol-25 penci-ercol-order-4 penci-sticky-sb penci-sidebarSC   elementor-column elementor-col-25 elementor-top-column elementor-element elementor-element-7130954\" data-id=\"7130954\" data-element_type=\"column\">\n\t\t\t<div class=\"elementor-widget-wrap elementor-element-populated\">\n\t\t\t\t\t\t<div class=\"elementor-element elementor-element-2e2d2bb elementor-widget elementor-widget-image\" data-id=\"2e2d2bb\" data-element_type=\"widget\" data-widget_type=\"image.default\">\n\t\t\t\t\t\t\t\t\t\t\t\t\t\t\t<img loading=\"lazy\" decoding=\"async\" width=\"1024\" height=\"1024\" src=\"https:\/\/www.elazigfuar.com\/wp-content\/uploads\/2022\/09\/IMG-20220905-WA0000-1024x1024.jpg\" class=\"attachment-large size-large wp-image-833\" alt=\"\" srcset=\"https:\/\/www.elazigfuar.com\/wp-content\/uploads\/2022\/09\/IMG-20220905-WA0000-1024x1024.jpg 1024w, https:\/\/www.elazigfuar.com\/wp-content\/uploads\/2022\/09\/IMG-20220905-WA0000-300x300.jpg 300w, https:\/\/www.elazigfuar.com\/wp-content\/uploads\/2022\/09\/IMG-20220905-WA0000-150x150.jpg 150w, https:\/\/www.elazigfuar.com\/wp-content\/uploads\/2022\/09\/IMG-20220905-WA0000-768x768.jpg 768w, https:\/\/www.elazigfuar.com\/wp-content\/uploads\/2022\/09\/IMG-20220905-WA0000-1170x1170.jpg 1170w, https:\/\/www.elazigfuar.com\/wp-content\/uploads\/2022\/09\/IMG-20220905-WA0000-585x585.jpg 585w, https:\/\/www.elazigfuar.com\/wp-content\/uploads\/2022\/09\/IMG-20220905-WA0000.jpg 1371w\" sizes=\"(max-width: 1024px) 100vw, 1024px\" \/>\t\t\t\t\t\t\t\t\t\t\t\t\t\t\t<\/div>\n\t\t\t\t\t<\/div>\n\t\t<\/div>\n\t\t\t\t\t<\/div>\n\t\t<\/section>\n\t\t\t\t<section class=\"penci-section penci-disSticky penci-structure-10 elementor-section elementor-top-section elementor-element elementor-element-f2d0501 elementor-section-boxed elementor-section-height-default elementor-section-height-default\" data-id=\"f2d0501\" data-element_type=\"section\">\n\t\t\t\t\t\t<div class=\"elementor-container elementor-column-gap-default\">\n\t\t\t\t\t<div class=\"penci-ercol-100 penci-ercol-order-1 penci-sticky-ct    elementor-column elementor-col-100 elementor-top-column elementor-element elementor-element-73f6d92\" data-id=\"73f6d92\" data-element_type=\"column\">\n\t\t\t<div class=\"elementor-widget-wrap elementor-element-populated\">\n\t\t\t\t\t\t\t<\/div>\n\t\t<\/div>\n\t\t\t\t\t<\/div>\n\t\t<\/section>\n\t\t\t\t<section class=\"penci-section penci-disSticky penci-structure-10 elementor-section elementor-top-section elementor-element elementor-element-c8c4f45 elementor-section-boxed elementor-section-height-default elementor-section-height-default\" data-id=\"c8c4f45\" data-element_type=\"section\">\n\t\t\t\t\t\t<div class=\"elementor-container elementor-column-gap-default\">\n\t\t\t\t\t<div class=\"penci-ercol-100 penci-ercol-order-1 penci-sticky-ct    elementor-column elementor-col-100 elementor-top-column elementor-element elementor-element-e16e67b\" data-id=\"e16e67b\" data-element_type=\"column\">\n\t\t\t<div class=\"elementor-widget-wrap elementor-element-populated\">\n\t\t\t\t\t\t<div class=\"elementor-element elementor-element-4f4c7cc elementor-widget elementor-widget-penci-image-gallery\" data-id=\"4f4c7cc\" data-element_type=\"widget\" data-widget_type=\"penci-image-gallery.default\">\n\t\t\t\t<div class=\"elementor-widget-container\">\n\t\t\t\t\t\t\t<div id=\"penci-image_gallery_70840\" class=\"penci-block-vc penci-image-gallery penci-image-gallery-s1 pencisc-grid-3 pencisc-grid-tablet-2 pencisc-grid-mobile-1\">\n\t\t\t        <div class=\"penci-border-arrow penci-homepage-title penci-home-latest-posts style-12 pcalign-left pciconp-right pcicon-right block-title-icon-left\">\r\n            <h3 class=\"inner-arrow\">\r\n                <span>\r\n                    <span>Ge\u00e7mi\u015f Fuar ve Etkinlikler<\/a>                <\/span>\r\n            <\/h3>\r\n\t\t\t        <\/div>\r\n\t\t\t\t\t<div class=\"penci-block_content  pencisc-grid\">\n\t\t\t\t                <div class=\"penci-gallery-item penci-galitem-1\">\n                    <a class=\"penci-gallery-ite penci-image-holder penci-lazy\"  data-bgset=\"https:\/\/www.elazigfuar.com\/wp-content\/uploads\/2022\/09\/DJI_0491-768x432.jpg\"                       href=\"https:\/\/www.elazigfuar.com\/wp-content\/uploads\/2022\/09\/DJI_0491-1170x658.jpg\"  data-cap=\"default\">\n\t\t\t\t\t\t<span class=\"caption\">default<\/span>                        <i class=\"penciicon-expand\"><\/i>\n                    <\/a>\n                <\/div>\n\t\t\t\t                <div class=\"penci-gallery-item penci-galitem-2\">\n                    <a class=\"penci-gallery-ite penci-image-holder penci-lazy\"  data-bgset=\"https:\/\/www.elazigfuar.com\/wp-content\/uploads\/2022\/09\/DJI_0390-1-768x432.jpg\"                       href=\"https:\/\/www.elazigfuar.com\/wp-content\/uploads\/2022\/09\/DJI_0390-1-1170x658.jpg\"  data-cap=\"default\">\n\t\t\t\t\t\t<span class=\"caption\">default<\/span>                        <i class=\"penciicon-expand\"><\/i>\n                    <\/a>\n                <\/div>\n\t\t\t\t                <div class=\"penci-gallery-item penci-galitem-3\">\n                    <a class=\"penci-gallery-ite penci-image-holder penci-lazy\"  data-bgset=\"https:\/\/www.elazigfuar.com\/wp-content\/uploads\/2022\/09\/DJI_0449-768x432.jpg\"                       href=\"https:\/\/www.elazigfuar.com\/wp-content\/uploads\/2022\/09\/DJI_0449-1170x658.jpg\"  data-cap=\"default\">\n\t\t\t\t\t\t<span class=\"caption\">default<\/span>                        <i class=\"penciicon-expand\"><\/i>\n                    <\/a>\n                <\/div>\n\t\t\t\t                <div class=\"penci-gallery-item penci-galitem-4\">\n                    <a class=\"penci-gallery-ite penci-image-holder penci-lazy\"  data-bgset=\"https:\/\/www.elazigfuar.com\/wp-content\/uploads\/2022\/09\/646A9943-768x512.jpg\"                       href=\"https:\/\/www.elazigfuar.com\/wp-content\/uploads\/2022\/09\/646A9943-1170x780.jpg\" >\n\t\t\t\t\t\t                        <i class=\"penciicon-expand\"><\/i>\n                    <\/a>\n                <\/div>\n\t\t\t\t                <div class=\"penci-gallery-item penci-galitem-5\">\n                    <a class=\"penci-gallery-ite penci-image-holder penci-lazy\"  data-bgset=\"https:\/\/www.elazigfuar.com\/wp-content\/uploads\/2022\/09\/DJI_0857-768x432.jpg\"                       href=\"https:\/\/www.elazigfuar.com\/wp-content\/uploads\/2022\/09\/DJI_0857-1170x658.jpg\"  data-cap=\"default\">\n\t\t\t\t\t\t<span class=\"caption\">default<\/span>                        <i class=\"penciicon-expand\"><\/i>\n                    <\/a>\n                <\/div>\n\t\t\t\t                <div class=\"penci-gallery-item penci-galitem-6\">\n                    <a class=\"penci-gallery-ite penci-image-holder penci-lazy\"  data-bgset=\"https:\/\/www.elazigfuar.com\/wp-content\/uploads\/2022\/09\/DJI_0388-1-768x432.jpg\"                       href=\"https:\/\/www.elazigfuar.com\/wp-content\/uploads\/2022\/09\/DJI_0388-1-1170x658.jpg\"  data-cap=\"default\">\n\t\t\t\t\t\t<span class=\"caption\">default<\/span>                        <i class=\"penciicon-expand\"><\/i>\n                    <\/a>\n                <\/div>\n\t\t\t\t                <div class=\"penci-gallery-item penci-galitem-7\">\n                    <a class=\"penci-gallery-ite penci-image-holder penci-lazy\"  data-bgset=\"https:\/\/www.elazigfuar.com\/wp-content\/uploads\/2022\/09\/0Y6A5434-768x512.jpg\"                       href=\"https:\/\/www.elazigfuar.com\/wp-content\/uploads\/2022\/09\/0Y6A5434-1170x780.jpg\" >\n\t\t\t\t\t\t                        <i class=\"penciicon-expand\"><\/i>\n                    <\/a>\n                <\/div>\n\t\t\t\t                <div class=\"penci-gallery-item penci-galitem-8\">\n                    <a class=\"penci-gallery-ite penci-image-holder penci-lazy\"  data-bgset=\"https:\/\/www.elazigfuar.com\/wp-content\/uploads\/2022\/09\/646A9700-768x512.jpg\"                       href=\"https:\/\/www.elazigfuar.com\/wp-content\/uploads\/2022\/09\/646A9700-1170x780.jpg\" >\n\t\t\t\t\t\t                        <i class=\"penciicon-expand\"><\/i>\n                    <\/a>\n                <\/div>\n\t\t\t\t                <div class=\"penci-gallery-item penci-galitem-9\">\n                    <a class=\"penci-gallery-ite penci-image-holder penci-lazy\"  data-bgset=\"https:\/\/www.elazigfuar.com\/wp-content\/uploads\/2022\/09\/DJI_0377-1-768x432.jpg\"                       href=\"https:\/\/www.elazigfuar.com\/wp-content\/uploads\/2022\/09\/DJI_0377-1-1170x658.jpg\"  data-cap=\"default\">\n\t\t\t\t\t\t<span class=\"caption\">default<\/span>                        <i class=\"penciicon-expand\"><\/i>\n                    <\/a>\n                <\/div>\n\t\t\t\t                <div class=\"penci-gallery-item penci-galitem-10\">\n                    <a class=\"penci-gallery-ite penci-image-holder penci-lazy\"  data-bgset=\"https:\/\/www.elazigfuar.com\/wp-content\/uploads\/2022\/09\/DJI_0596-1-768x432.jpg\"                       href=\"https:\/\/www.elazigfuar.com\/wp-content\/uploads\/2022\/09\/DJI_0596-1-1170x658.jpg\"  data-cap=\"default\">\n\t\t\t\t\t\t<span class=\"caption\">default<\/span>                        <i class=\"penciicon-expand\"><\/i>\n                    <\/a>\n                <\/div>\n\t\t\t\t                <div class=\"penci-gallery-item penci-galitem-11\">\n                    <a class=\"penci-gallery-ite penci-image-holder penci-lazy\"  data-bgset=\"https:\/\/www.elazigfuar.com\/wp-content\/uploads\/2022\/09\/DJI_0848-1-768x432.jpg\"                       href=\"https:\/\/www.elazigfuar.com\/wp-content\/uploads\/2022\/09\/DJI_0848-1-1170x658.jpg\"  data-cap=\"default\">\n\t\t\t\t\t\t<span class=\"caption\">default<\/span>                        <i class=\"penciicon-expand\"><\/i>\n                    <\/a>\n                <\/div>\n\t\t\t\t\t\t\t<\/div>\n\t\t<\/div>\n\t\t\t\t\t\t<\/div>\n\t\t\t\t<\/div>\n\t\t\t\t<div class=\"elementor-element elementor-element-26e9bf0 elementor-position-top elementor-widget elementor-widget-image-box\" data-id=\"26e9bf0\" data-element_type=\"widget\" data-widget_type=\"image-box.default\">\n\t\t\t\t\t<div class=\"elementor-image-box-wrapper\"><figure class=\"elementor-image-box-img\"><img loading=\"lazy\" decoding=\"async\" width=\"5785\" height=\"5784\" src=\"https:\/\/www.elazigfuar.com\/wp-content\/uploads\/2022\/09\/1.png\" class=\"attachment-full size-full wp-image-1135\" alt=\"\" srcset=\"https:\/\/www.elazigfuar.com\/wp-content\/uploads\/2022\/09\/1.png 5785w, https:\/\/www.elazigfuar.com\/wp-content\/uploads\/2022\/09\/1-300x300.png 300w, https:\/\/www.elazigfuar.com\/wp-content\/uploads\/2022\/09\/1-1024x1024.png 1024w, https:\/\/www.elazigfuar.com\/wp-content\/uploads\/2022\/09\/1-150x150.png 150w, https:\/\/www.elazigfuar.com\/wp-content\/uploads\/2022\/09\/1-768x768.png 768w, https:\/\/www.elazigfuar.com\/wp-content\/uploads\/2022\/09\/1-1536x1536.png 1536w, https:\/\/www.elazigfuar.com\/wp-content\/uploads\/2022\/09\/1-2048x2048.png 2048w, https:\/\/www.elazigfuar.com\/wp-content\/uploads\/2022\/09\/1-1920x1920.png 1920w, https:\/\/www.elazigfuar.com\/wp-content\/uploads\/2022\/09\/1-1170x1170.png 1170w, https:\/\/www.elazigfuar.com\/wp-content\/uploads\/2022\/09\/1-585x585.png 585w\" sizes=\"(max-width: 5785px) 100vw, 5785px\" \/><\/figure><div class=\"elementor-image-box-content\"><h3 class=\"elementor-image-box-title\">Bu ba\u015fl\u0131k<\/h3><p class=\"elementor-image-box-description\">Lorem ipsum dolor sit amet, consectetur adipiscing elit. Ut elit tellus, luctus nec ullamcorper mattis, pulvinar dapibus leo.<\/p><\/div><\/div>\t\t\t\t<\/div>\n\t\t\t\t\t<\/div>\n\t\t<\/div>\n\t\t\t\t\t<\/div>\n\t\t<\/section>\n\t\t\t\t<\/div>\n\t\t","protected":false},"excerpt":{"rendered":"<p>2022 Gelecek Fuar Etkinli\u011fimiz 3. Elaz\u0131\u011f Kitap Fuar\u0131 08-16 2022 Ekim Sizde Yerinizi Al\u0131n Ge\u00e7mi\u015f Fuar ve Etkinlikler default default default default default default default default Bu ba\u015fl\u0131k Lorem ipsum&hellip;<\/p>\n","protected":false},"author":1,"featured_media":0,"parent":0,"menu_order":0,"comment_status":"closed","ping_status":"closed","template":"","meta":{"content-type":"","footnotes":""},"class_list":["post-589","page","type-page","status-publish","hentry"],"_links":{"self":[{"href":"https:\/\/www.elazigfuar.com\/index.php\/wp-json\/wp\/v2\/pages\/589","targetHints":{"allow":["GET"]}}],"collection":[{"href":"https:\/\/www.elazigfuar.com\/index.php\/wp-json\/wp\/v2\/pages"}],"about":[{"href":"https:\/\/www.elazigfuar.com\/index.php\/wp-json\/wp\/v2\/types\/page"}],"author":[{"embeddable":true,"href":"https:\/\/www.elazigfuar.com\/index.php\/wp-json\/wp\/v2\/users\/1"}],"replies":[{"embeddable":true,"href":"https:\/\/www.elazigfuar.com\/index.php\/wp-json\/wp\/v2\/comments?post=589"}],"version-history":[{"count":54,"href":"https:\/\/www.elazigfuar.com\/index.php\/wp-json\/wp\/v2\/pages\/589\/revisions"}],"predecessor-version":[{"id":1194,"href":"https:\/\/www.elazigfuar.com\/index.php\/wp-json\/wp\/v2\/pages\/589\/revisions\/1194"}],"wp:attachment":[{"href":"https:\/\/www.elazigfuar.com\/index.php\/wp-json\/wp\/v2\/media?parent=589"}],"curies":[{"name":"wp","href":"https:\/\/api.w.org\/{rel}","templated":true}]}}